{"id":807,"date":"2022-05-06T10:15:44","date_gmt":"2022-05-06T10:15:44","guid":{"rendered":"https:\/\/chateaudepreuil.fr\/?page_id=807"},"modified":"2022-07-21T20:49:03","modified_gmt":"2022-07-21T20:49:03","slug":"mentions-legales","status":"publish","type":"page","link":"https:\/\/chateaudepreuil.fr\/en\/mentions-legales\/","title":{"rendered":"Legals mentions"},"content":{"rendered":"\t\t<div data-elementor-type=\"wp-page\" data-elementor-id=\"807\" class=\"elementor elementor-807\" data-elementor-post-type=\"page\">\n\t\t\t\t\t\t<section class=\"elementor-section elementor-top-section elementor-element elementor-element-0928480 elementor-section-height-min-height elementor-section-boxed elementor-section-height-default elementor-section-items-middle\" data-id=\"0928480\" data-element_type=\"section\" data-e-type=\"section\" data-settings=\"{&quot;background_background&quot;:&quot;classic&quot;,&quot;background_motion_fx_motion_fx_scrolling&quot;:&quot;yes&quot;,&quot;background_motion_fx_translateX_effect&quot;:&quot;yes&quot;,&quot;background_motion_fx_translateX_speed&quot;:{&quot;unit&quot;:&quot;px&quot;,&quot;size&quot;:4,&quot;sizes&quot;:[]},&quot;background_motion_fx_translateX_affectedRange&quot;:{&quot;unit&quot;:&quot;%&quot;,&quot;size&quot;:&quot;&quot;,&quot;sizes&quot;:{&quot;start&quot;:0,&quot;end&quot;:100}},&quot;background_motion_fx_devices&quot;:[&quot;desktop&quot;,&quot;tablet&quot;,&quot;mobile&quot;]}\">\n\t\t\t\t\t\t\t<div class=\"elementor-background-overlay\"><\/div>\n\t\t\t\t\t\t\t<div class=\"elementor-container elementor-column-gap-no\">\n\t\t\t\t\t<div class=\"elementor-column elementor-col-100 elementor-top-column elementor-element elementor-element-a0128b6\" data-id=\"a0128b6\" data-element_type=\"column\" data-e-type=\"column\">\n\t\t\t<div class=\"elementor-widget-wrap elementor-element-populated\">\n\t\t\t\t\t\t<section class=\"elementor-section elementor-inner-section elementor-element elementor-element-c605fd0 elementor-section-content-middle elementor-section-boxed elementor-section-height-default elementor-section-height-default\" data-id=\"c605fd0\" data-element_type=\"section\" data-e-type=\"section\">\n\t\t\t\t\t\t<div class=\"elementor-container elementor-column-gap-no\">\n\t\t\t\t\t<div class=\"elementor-column elementor-col-50 elementor-inner-column elementor-element elementor-element-a713448\" data-id=\"a713448\" data-element_type=\"column\" data-e-type=\"column\">\n\t\t\t<div class=\"elementor-widget-wrap elementor-element-populated\">\n\t\t\t\t\t\t\t<\/div>\n\t\t<\/div>\n\t\t\t\t<div class=\"elementor-column elementor-col-50 elementor-inner-column elementor-element elementor-element-b77c804\" data-id=\"b77c804\" data-element_type=\"column\" data-e-type=\"column\">\n\t\t\t<div class=\"elementor-widget-wrap elementor-element-populated\">\n\t\t\t\t\t\t<div class=\"elementor-element elementor-element-6d9d47d elementor-icon-list--layout-inline elementor-align-end elementor-mobile-align-start elementor-list-item-link-full_width elementor-widget elementor-widget-icon-list\" data-id=\"6d9d47d\" data-element_type=\"widget\" data-e-type=\"widget\" data-widget_type=\"icon-list.default\">\n\t\t\t\t<div class=\"elementor-widget-container\">\n\t\t\t\t\t\t\t<ul class=\"elementor-icon-list-items elementor-inline-items\">\n\t\t\t\t\t\t\t<li class=\"elementor-icon-list-item elementor-inline-item\">\n\t\t\t\t\t\t\t\t\t\t\t<a href=\"https:\/\/chateaudepreuil.fr\/\">\n\n\t\t\t\t\t\t\t\t\t\t\t\t<span class=\"elementor-icon-list-icon\">\n\t\t\t\t\t\t\t<i aria-hidden=\"true\" class=\"fas fa-home\"><\/i>\t\t\t\t\t\t<\/span>\n\t\t\t\t\t\t\t\t\t\t<span class=\"elementor-icon-list-text\">Accueil<\/span>\n\t\t\t\t\t\t\t\t\t\t\t<\/a>\n\t\t\t\t\t\t\t\t\t<\/li>\n\t\t\t\t\t\t\t\t<li class=\"elementor-icon-list-item elementor-inline-item\">\n\t\t\t\t\t\t\t\t\t\t\t<span class=\"elementor-icon-list-icon\">\n\t\t\t\t\t\t\t<i aria-hidden=\"true\" class=\"fas fa-angle-right\"><\/i>\t\t\t\t\t\t<\/span>\n\t\t\t\t\t\t\t\t\t\t<span class=\"elementor-icon-list-text\"><\/span>\n\t\t\t\t\t\t\t\t\t<\/li>\n\t\t\t\t\t\t<\/ul>\n\t\t\t\t\t\t<\/div>\n\t\t\t\t<\/div>\n\t\t\t\t\t<\/div>\n\t\t<\/div>\n\t\t\t\t\t<\/div>\n\t\t<\/section>\n\t\t\t\t\t<\/div>\n\t\t<\/div>\n\t\t\t\t\t<\/div>\n\t\t<\/section>\n\t\t\t\t<section class=\"elementor-section elementor-top-section elementor-element elementor-element-ea98b2f elementor-section-boxed elementor-section-height-default elementor-section-height-default\" data-id=\"ea98b2f\" data-element_type=\"section\" data-e-type=\"section\">\n\t\t\t\t\t\t<div class=\"elementor-container elementor-column-gap-default\">\n\t\t\t\t\t<div class=\"elementor-column elementor-col-100 elementor-top-column elementor-element elementor-element-3d8a9f49\" data-id=\"3d8a9f49\" data-element_type=\"column\" data-e-type=\"column\">\n\t\t\t<div class=\"elementor-widget-wrap elementor-element-populated\">\n\t\t\t\t\t\t<div class=\"elementor-element elementor-element-3a7c9afb elementor-widget elementor-widget-text-editor\" data-id=\"3a7c9afb\" data-element_type=\"widget\" data-e-type=\"widget\" data-widget_type=\"text-editor.default\">\n\t\t\t\t<div class=\"elementor-widget-container\">\n\t\t\t\t\t\t\t\t\t\n<h2 class=\"wp-block-heading\">Donn\u00e9es personnelles<\/h2>\n\n\n\n<p>Notre site : http:\/\/chateaudepreuil.fr.<\/p>\n\n\n\n<h3 class=\"wp-block-heading\">Informations \u00e9diteur<\/h3>\n\n\n\n<blockquote class=\"wp-block-quote is-layout-flow wp-block-quote-is-layout-flow\"><p>Le site Internet&nbsp;<a href=\"https:\/\/web.archive.org\/web\/20180713075546\/http:\/\/chateaudepreuil.com\/\">chateaudepreuil.com<\/a>&nbsp;est g\u00e9r\u00e9 par&nbsp;<a href=\"https:\/\/web.archive.org\/web\/20180713075546\/http:\/\/chateaudepreuil.com\/\">Ch\u00e2teau de Preuil<\/a><br>Ch\u00e2teau de Preuil &#8211; Direction de la Communication.<br>Place Jean Moulin<br>Vallenay 18190<br>06 22 91 76 72<br>Siret&nbsp;: RCS BOURGES XXXXXXXXX &#8211; Ch\u00e2teau de Preuil &#8211; contact&nbsp;: xxxxx@xxxxx<\/p><\/blockquote>\n\n\n\n<p><strong>Cr\u00e9dits photos<\/strong>&nbsp;: \u00a9&nbsp;<a href=\"https:\/\/web.archive.org\/web\/20180713075546\/http:\/\/chateaudepreuil.com\/\">chateaudepreuil.com<\/a><\/p>\n\n\n\n<p>Conception r\u00e9alisation du site Internet\u00a0: <a href=\"https:\/\/deep-dive.fr\/\">DeepDive Agence de communication entre Aveyron et Cantal<\/a>.<br>Pour toute remarque sur le fonctionnement du site, \u00e9crivez \u00e0 l\u2019administrateur du site\u00a0:\u00a0<a href=\"https:\/\/deep-dive.fr\/contact\/\">Andr\u00e9 Gentit<\/a><\/p>\n\n\n\n<h3 class=\"wp-block-heading\">H\u00e9bergement<\/h3>\n\n\n\n<p>L\u2019h\u00e9bergement du site est assur\u00e9 par\u00a0Ionos Sarreguemine<\/p>\n\n\n\n<h3 class=\"wp-block-heading\">Droits d\u2019auteur &#8211; Copyright<\/h3>\n\n\n\n<ul class=\"wp-block-list\"><li>L\u2019ensemble de ce site rel\u00e8ve de la l\u00e9gislation fran\u00e7aise et internationale sur le droit d\u2019auteur et la propri\u00e9t\u00e9 intellectuelle. Tous les droits de reproduction sont r\u00e9serv\u00e9s pour toute forme d\u2019utilisation. En particulier, la reproduction des \u00e9l\u00e9ments graphiques du site, le t\u00e9l\u00e9chargement complet du site pour son enregistrement sur un support de diffusion, ainsi que toute utilisation des visuels, des textes et des documents t\u00e9l\u00e9chargeables qu\u2019il contient autre que la consultation individuelle et priv\u00e9e sont interdits sauf autorisation expresse de Ch\u00e2teau de Preuil.<\/li><li>La reproduction des textes de ce site sur un support papier est autoris\u00e9e, sous r\u00e9serve du respect des conditions suivantes\u00a0:<\/li><li>\u00a0Gratuit\u00e9 de la diffusion,<\/li><li>\u00a0Usage priv\u00e9 sans aucune vis\u00e9e commerciale,<\/li><li>\u00a0Respect de l\u2019int\u00e9grit\u00e9 des documents reproduits\u00a0: aucune sorte de modification ou d\u2019alt\u00e9ration ,<\/li><li>\u00a0Citation claire et lisible de la source\u00a0: l\u2019adresse internet du site chateaudepreuil.com doit imp\u00e9rativement figurer en r\u00e9f\u00e9rence.<\/li><\/ul>\n\n\n\n<h3 class=\"wp-block-heading\">Port\u00e9es des informations &#8211; contenus<\/h3>\n\n\n\n<p>Les informations publi\u00e9es sont r\u00e9guli\u00e8rement v\u00e9rifi\u00e9es. Ces donn\u00e9es n\u2019ont pas d\u2019autre vis\u00e9e que de proposer au plus large public une information claire et pr\u00e9cise sur l\u2019activit\u00e9 de l\u2019entreprise Ch\u00e2teau de Preuil.<br>Elles sont communiqu\u00e9es sans garanties d\u2019aucune sorte, ni explicites, ni tacites. Malgr\u00e9 tout le s\u00e9rieux apport\u00e9 \u00e0 la mise \u00e0 jour des informations du site, ces derni\u00e8res peuvent contenir des inexactitudes techniques, des erreurs typographiques ou omissions. Elles sont non contractuelles et sujettes \u00e0 modification sans pr\u00e9avis.<\/p>\n\n\n\n<h3 class=\"wp-block-heading\">Liens avec des sites tiers<\/h3>\n\n\n\n<p>Les sites reli\u00e9s directement ou indirectement au site ne sont pas sous son contr\u00f4le. Par cons\u00e9quent, Ch\u00e2teau de Preuil n\u2019assume aucune responsabilit\u00e9 quant aux informations publi\u00e9es sur ces sites. Les liens dirigeant vers des sites tiers ne sont communiqu\u00e9s qu\u2019\u00e0 titre de commodit\u00e9 et n\u2019impliquent aucune caution quant \u00e0 leur contenu.<\/p>\n\n\n\n<h3 class=\"wp-block-heading\">Responsabilit\u00e9<\/h3>\n\n\n\n<p>La responsabilit\u00e9 de Ch\u00e2teau de Preuil &#8211; Ch\u00e2teau de Preuil &#8211; ne saurait \u00eatre retenue en cas de pr\u00e9judice direct ou indirect (notamment tout pr\u00e9judice financier, commercial, perte de programmes ou de donn\u00e9es) r\u00e9sultant de l\u2019usage de son site et de l\u2019utilisation des donn\u00e9es et informations qui y sont mises en ligne. En particulier,Ch\u00e2teau de Preuil d\u00e9cline toute responsabilit\u00e9 \u00e0 l\u2019\u00e9gard de tout dommage li\u00e9 \u00e0 l\u2019utilisation des liens hypertexte mis en ligne sur son site et \u00e0 la consultation des sites auxquels ils renvoient. Il est express\u00e9ment rappel\u00e9 que l\u2019entreprise Ch\u00e2teau de Preuil n\u2019a aucun contr\u00f4le ni aucune responsabilit\u00e9 sur le contenu de ces sites. Il incombe donc \u00e0 chaque internaute de prendre les pr\u00e9cautions n\u00e9cessaires afin de s\u2019assurer que le site s\u00e9lectionn\u00e9 pour son usage n\u2019est pas infest\u00e9 de virus ou autre parasite de nature destructive.<\/p>\n\n\n\n<h3 class=\"wp-block-heading\">Traitement des donn\u00e9es personnelles<\/h3>\n\n\n\n<p>Ce site ne recueille aucune donn\u00e9es personnelles hormis celles provenant de l\u2019enregistrement volontaire d\u2019une adresse \u00e9lectronique vous permettant de nous contacter.<\/p>\n\n\n\n<p>Les informations que vous nous communiquez ne sont jamais confi\u00e9es \u00e0 des tiers. Votre adresse \u00e9lectronique ne nous servira qu\u2019\u00e0 vous acheminer notre une d\u2019information d\u00e9taill\u00e9e sur une demande particuli\u00e8re que vous nous auriez faite.<\/p>\n\n\n\n<p>En application de l\u2019article 27 de la loi Informatique et Libert\u00e9s en date du 6 janvier 1978, vous disposez par ailleurs d\u2019un droit d\u2019acc\u00e8s, de rectification, de modification et de suppression concernant les donn\u00e9es qui vous concernent. Vous pouvez exercer ce droit en envoyant un courriel au webmestre. Il vous est \u00e9galement possible de nous envoyer un courrier \u00e0 l\u2019adresse suivante&nbsp;:<\/p>\n\n\n\n<blockquote class=\"wp-block-quote is-layout-flow wp-block-quote-is-layout-flow\"><p>Ch\u00e2teau de Preuil &#8211; Ch\u00e2teau de Preuil &#8211; Direction de la Communication.<\/p><p>Vallenay 18190<\/p><\/blockquote>\n\t\t\t\t\t\t\t\t<\/div>\n\t\t\t\t<\/div>\n\t\t\t\t\t<\/div>\n\t\t<\/div>\n\t\t\t\t\t<\/div>\n\t\t<\/section>\n\t\t\t\t<\/div>\n\t\t","protected":false},"excerpt":{"rendered":"<p>Accueil Donn\u00e9es personnelles Notre site : http:\/\/chateaudepreuil.fr. Informations \u00e9diteur Le site Internet&nbsp;chateaudepreuil.com&nbsp;est g\u00e9r\u00e9 par&nbsp;Ch\u00e2teau de PreuilCh\u00e2teau de Preuil &#8211; Direction de la Communication.Place Jean MoulinVallenay 1819006 22 91 76 72Siret&nbsp;: RCS BOURGES XXXXXXXXX &#8211; Ch\u00e2teau de Preuil &#8211; contact&nbsp;: xxxxx@xxxxx Cr\u00e9dits photos&nbsp;: \u00a9&nbsp;chateaudepreuil.com Conception r\u00e9alisation du site Internet\u00a0: DeepDive Agence de communication entre Aveyron et [&hellip;]<\/p>\n","protected":false},"author":1,"featured_media":0,"parent":0,"menu_order":0,"comment_status":"closed","ping_status":"closed","template":"elementor_header_footer","meta":{"footnotes":""},"class_list":["post-807","page","type-page","status-publish","hentry"],"yoast_head":"<!-- This site is optimized with the Yoast SEO plugin v27.3 - https:\/\/yoast.com\/product\/yoast-seo-wordpress\/ -->\n<title>Mentions l\u00e9gales - Le Ch\u00e2teau de Preuil<\/title>\n<meta name=\"robots\" content=\"index, follow, max-snippet:-1, max-image-preview:large, max-video-preview:-1\" \/>\n<link rel=\"canonical\" href=\"https:\/\/chateaudepreuil.fr\/en\/mentions-legales\/\" \/>\n<meta property=\"og:locale\" content=\"en_US\" \/>\n<meta property=\"og:type\" content=\"article\" \/>\n<meta property=\"og:title\" content=\"Mentions l\u00e9gales - Le Ch\u00e2teau de Preuil\" \/>\n<meta property=\"og:description\" content=\"Accueil Donn\u00e9es personnelles Notre site : http:\/\/chateaudepreuil.fr. Informations \u00e9diteur Le site Internet&nbsp;chateaudepreuil.com&nbsp;est g\u00e9r\u00e9 par&nbsp;Ch\u00e2teau de PreuilCh\u00e2teau de Preuil &#8211; Direction de la Communication.Place Jean MoulinVallenay 1819006 22 91 76 72Siret&nbsp;: RCS BOURGES XXXXXXXXX &#8211; Ch\u00e2teau de Preuil &#8211; contact&nbsp;: xxxxx@xxxxx Cr\u00e9dits photos&nbsp;: \u00a9&nbsp;chateaudepreuil.com Conception r\u00e9alisation du site Internet\u00a0: DeepDive Agence de communication entre Aveyron et [&hellip;]\" \/>\n<meta property=\"og:url\" content=\"https:\/\/chateaudepreuil.fr\/en\/mentions-legales\/\" \/>\n<meta property=\"og:site_name\" content=\"Le Ch\u00e2teau de Preuil\" \/>\n<meta property=\"article:modified_time\" content=\"2022-07-21T20:49:03+00:00\" \/>\n<meta name=\"twitter:card\" content=\"summary_large_image\" \/>\n<meta name=\"twitter:label1\" content=\"Est. reading time\" \/>\n\t<meta name=\"twitter:data1\" content=\"4 minutes\" \/>\n<script type=\"application\/ld+json\" class=\"yoast-schema-graph\">{\"@context\":\"https:\\\/\\\/schema.org\",\"@graph\":[{\"@type\":\"WebPage\",\"@id\":\"https:\\\/\\\/chateaudepreuil.fr\\\/mentions-legales\\\/\",\"url\":\"https:\\\/\\\/chateaudepreuil.fr\\\/mentions-legales\\\/\",\"name\":\"Mentions l\u00e9gales - Le Ch\u00e2teau de Preuil\",\"isPartOf\":{\"@id\":\"https:\\\/\\\/chateaudepreuil.fr\\\/#website\"},\"datePublished\":\"2022-05-06T10:15:44+00:00\",\"dateModified\":\"2022-07-21T20:49:03+00:00\",\"breadcrumb\":{\"@id\":\"https:\\\/\\\/chateaudepreuil.fr\\\/mentions-legales\\\/#breadcrumb\"},\"inLanguage\":\"en-US\",\"potentialAction\":[{\"@type\":\"ReadAction\",\"target\":[\"https:\\\/\\\/chateaudepreuil.fr\\\/mentions-legales\\\/\"]}]},{\"@type\":\"BreadcrumbList\",\"@id\":\"https:\\\/\\\/chateaudepreuil.fr\\\/mentions-legales\\\/#breadcrumb\",\"itemListElement\":[{\"@type\":\"ListItem\",\"position\":1,\"name\":\"Accueil\",\"item\":\"https:\\\/\\\/chateaudepreuil.fr\\\/\"},{\"@type\":\"ListItem\",\"position\":2,\"name\":\"Mentions l\u00e9gales\"}]},{\"@type\":\"WebSite\",\"@id\":\"https:\\\/\\\/chateaudepreuil.fr\\\/#website\",\"url\":\"https:\\\/\\\/chateaudepreuil.fr\\\/\",\"name\":\"Le Ch\u00e2teau de Preuil\",\"description\":\"La vie de ch\u00e2teau, \u00e7a vous tente ?\",\"potentialAction\":[{\"@type\":\"SearchAction\",\"target\":{\"@type\":\"EntryPoint\",\"urlTemplate\":\"https:\\\/\\\/chateaudepreuil.fr\\\/?s={search_term_string}\"},\"query-input\":{\"@type\":\"PropertyValueSpecification\",\"valueRequired\":true,\"valueName\":\"search_term_string\"}}],\"inLanguage\":\"en-US\"}]}<\/script>\n<!-- \/ Yoast SEO plugin. -->","yoast_head_json":{"title":"Mentions l\u00e9gales - Le Ch\u00e2teau de Preuil","robots":{"index":"index","follow":"follow","max-snippet":"max-snippet:-1","max-image-preview":"max-image-preview:large","max-video-preview":"max-video-preview:-1"},"canonical":"https:\/\/chateaudepreuil.fr\/en\/mentions-legales\/","og_locale":"en_US","og_type":"article","og_title":"Mentions l\u00e9gales - Le Ch\u00e2teau de Preuil","og_description":"Accueil Donn\u00e9es personnelles Notre site : http:\/\/chateaudepreuil.fr. Informations \u00e9diteur Le site Internet&nbsp;chateaudepreuil.com&nbsp;est g\u00e9r\u00e9 par&nbsp;Ch\u00e2teau de PreuilCh\u00e2teau de Preuil &#8211; Direction de la Communication.Place Jean MoulinVallenay 1819006 22 91 76 72Siret&nbsp;: RCS BOURGES XXXXXXXXX &#8211; Ch\u00e2teau de Preuil &#8211; contact&nbsp;: xxxxx@xxxxx Cr\u00e9dits photos&nbsp;: \u00a9&nbsp;chateaudepreuil.com Conception r\u00e9alisation du site Internet\u00a0: DeepDive Agence de communication entre Aveyron et [&hellip;]","og_url":"https:\/\/chateaudepreuil.fr\/en\/mentions-legales\/","og_site_name":"Le Ch\u00e2teau de Preuil","article_modified_time":"2022-07-21T20:49:03+00:00","twitter_card":"summary_large_image","twitter_misc":{"Est. reading time":"4 minutes"},"schema":{"@context":"https:\/\/schema.org","@graph":[{"@type":"WebPage","@id":"https:\/\/chateaudepreuil.fr\/mentions-legales\/","url":"https:\/\/chateaudepreuil.fr\/mentions-legales\/","name":"Mentions l\u00e9gales - Le Ch\u00e2teau de Preuil","isPartOf":{"@id":"https:\/\/chateaudepreuil.fr\/#website"},"datePublished":"2022-05-06T10:15:44+00:00","dateModified":"2022-07-21T20:49:03+00:00","breadcrumb":{"@id":"https:\/\/chateaudepreuil.fr\/mentions-legales\/#breadcrumb"},"inLanguage":"en-US","potentialAction":[{"@type":"ReadAction","target":["https:\/\/chateaudepreuil.fr\/mentions-legales\/"]}]},{"@type":"BreadcrumbList","@id":"https:\/\/chateaudepreuil.fr\/mentions-legales\/#breadcrumb","itemListElement":[{"@type":"ListItem","position":1,"name":"Accueil","item":"https:\/\/chateaudepreuil.fr\/"},{"@type":"ListItem","position":2,"name":"Mentions l\u00e9gales"}]},{"@type":"WebSite","@id":"https:\/\/chateaudepreuil.fr\/#website","url":"https:\/\/chateaudepreuil.fr\/","name":"Preuil's Castle","description":"La vie de ch\u00e2teau, \u00e7a vous tente ?","potentialAction":[{"@type":"SearchAction","target":{"@type":"EntryPoint","urlTemplate":"https:\/\/chateaudepreuil.fr\/?s={search_term_string}"},"query-input":{"@type":"PropertyValueSpecification","valueRequired":true,"valueName":"search_term_string"}}],"inLanguage":"en-US"}]}},"jetpack_sharing_enabled":true,"_links":{"self":[{"href":"https:\/\/chateaudepreuil.fr\/en\/wp-json\/wp\/v2\/pages\/807","targetHints":{"allow":["GET"]}}],"collection":[{"href":"https:\/\/chateaudepreuil.fr\/en\/wp-json\/wp\/v2\/pages"}],"about":[{"href":"https:\/\/chateaudepreuil.fr\/en\/wp-json\/wp\/v2\/types\/page"}],"author":[{"embeddable":true,"href":"https:\/\/chateaudepreuil.fr\/en\/wp-json\/wp\/v2\/users\/1"}],"replies":[{"embeddable":true,"href":"https:\/\/chateaudepreuil.fr\/en\/wp-json\/wp\/v2\/comments?post=807"}],"version-history":[{"count":5,"href":"https:\/\/chateaudepreuil.fr\/en\/wp-json\/wp\/v2\/pages\/807\/revisions"}],"predecessor-version":[{"id":998,"href":"https:\/\/chateaudepreuil.fr\/en\/wp-json\/wp\/v2\/pages\/807\/revisions\/998"}],"wp:attachment":[{"href":"https:\/\/chateaudepreuil.fr\/en\/wp-json\/wp\/v2\/media?parent=807"}],"curies":[{"name":"wp","href":"https:\/\/api.w.org\/{rel}","templated":true}]}}