{"id":3,"date":"2022-05-03T05:55:23","date_gmt":"2022-05-03T05:55:23","guid":{"rendered":"http:\/\/chateaudepreuil.fr\/?page_id=3"},"modified":"2022-07-21T20:50:14","modified_gmt":"2022-07-21T20:50:14","slug":"donnees-personnelles","status":"publish","type":"page","link":"https:\/\/chateaudepreuil.fr\/en\/donnees-personnelles\/","title":{"rendered":"Personal Data"},"content":{"rendered":"\t\t<div data-elementor-type=\"wp-page\" data-elementor-id=\"3\" class=\"elementor elementor-3\" data-elementor-post-type=\"page\">\n\t\t\t\t\t\t<section class=\"elementor-section elementor-top-section elementor-element elementor-element-126202b elementor-section-height-min-height elementor-section-boxed elementor-section-height-default elementor-section-items-middle\" data-id=\"126202b\" data-element_type=\"section\" data-e-type=\"section\" data-settings=\"{&quot;background_background&quot;:&quot;classic&quot;,&quot;background_motion_fx_motion_fx_scrolling&quot;:&quot;yes&quot;,&quot;background_motion_fx_translateX_effect&quot;:&quot;yes&quot;,&quot;background_motion_fx_translateX_speed&quot;:{&quot;unit&quot;:&quot;px&quot;,&quot;size&quot;:4,&quot;sizes&quot;:[]},&quot;background_motion_fx_translateX_affectedRange&quot;:{&quot;unit&quot;:&quot;%&quot;,&quot;size&quot;:&quot;&quot;,&quot;sizes&quot;:{&quot;start&quot;:0,&quot;end&quot;:100}},&quot;background_motion_fx_devices&quot;:[&quot;desktop&quot;,&quot;tablet&quot;,&quot;mobile&quot;]}\">\n\t\t\t\t\t\t\t<div class=\"elementor-background-overlay\"><\/div>\n\t\t\t\t\t\t\t<div class=\"elementor-container elementor-column-gap-no\">\n\t\t\t\t\t<div class=\"elementor-column elementor-col-100 elementor-top-column elementor-element elementor-element-3474a89\" data-id=\"3474a89\" data-element_type=\"column\" data-e-type=\"column\">\n\t\t\t<div class=\"elementor-widget-wrap elementor-element-populated\">\n\t\t\t\t\t\t<section class=\"elementor-section elementor-inner-section elementor-element elementor-element-1a5b1c7 elementor-section-content-middle elementor-section-boxed elementor-section-height-default elementor-section-height-default\" data-id=\"1a5b1c7\" data-element_type=\"section\" data-e-type=\"section\">\n\t\t\t\t\t\t<div class=\"elementor-container elementor-column-gap-no\">\n\t\t\t\t\t<div class=\"elementor-column elementor-col-50 elementor-inner-column elementor-element elementor-element-831c655\" data-id=\"831c655\" data-element_type=\"column\" data-e-type=\"column\">\n\t\t\t<div class=\"elementor-widget-wrap elementor-element-populated\">\n\t\t\t\t\t\t\t<\/div>\n\t\t<\/div>\n\t\t\t\t<div class=\"elementor-column elementor-col-50 elementor-inner-column elementor-element elementor-element-223cfce\" data-id=\"223cfce\" data-element_type=\"column\" data-e-type=\"column\">\n\t\t\t<div class=\"elementor-widget-wrap elementor-element-populated\">\n\t\t\t\t\t\t<div class=\"elementor-element elementor-element-4191156 elementor-icon-list--layout-inline elementor-align-end elementor-mobile-align-start elementor-list-item-link-full_width elementor-widget elementor-widget-icon-list\" data-id=\"4191156\" data-element_type=\"widget\" data-e-type=\"widget\" data-widget_type=\"icon-list.default\">\n\t\t\t\t<div class=\"elementor-widget-container\">\n\t\t\t\t\t\t\t<ul class=\"elementor-icon-list-items elementor-inline-items\">\n\t\t\t\t\t\t\t<li class=\"elementor-icon-list-item elementor-inline-item\">\n\t\t\t\t\t\t\t\t\t\t\t<a href=\"https:\/\/chateaudepreuil.fr\/\">\n\n\t\t\t\t\t\t\t\t\t\t\t\t<span class=\"elementor-icon-list-icon\">\n\t\t\t\t\t\t\t<i aria-hidden=\"true\" class=\"fas fa-home\"><\/i>\t\t\t\t\t\t<\/span>\n\t\t\t\t\t\t\t\t\t\t<span class=\"elementor-icon-list-text\">Accueil<\/span>\n\t\t\t\t\t\t\t\t\t\t\t<\/a>\n\t\t\t\t\t\t\t\t\t<\/li>\n\t\t\t\t\t\t\t\t<li class=\"elementor-icon-list-item elementor-inline-item\">\n\t\t\t\t\t\t\t\t\t\t\t<span class=\"elementor-icon-list-icon\">\n\t\t\t\t\t\t\t<i aria-hidden=\"true\" class=\"fas fa-angle-right\"><\/i>\t\t\t\t\t\t<\/span>\n\t\t\t\t\t\t\t\t\t\t<span class=\"elementor-icon-list-text\"><\/span>\n\t\t\t\t\t\t\t\t\t<\/li>\n\t\t\t\t\t\t<\/ul>\n\t\t\t\t\t\t<\/div>\n\t\t\t\t<\/div>\n\t\t\t\t\t<\/div>\n\t\t<\/div>\n\t\t\t\t\t<\/div>\n\t\t<\/section>\n\t\t\t\t\t<\/div>\n\t\t<\/div>\n\t\t\t\t\t<\/div>\n\t\t<\/section>\n\t\t\t\t<section class=\"elementor-section elementor-top-section elementor-element elementor-element-46260c58 elementor-section-boxed elementor-section-height-default elementor-section-height-default\" data-id=\"46260c58\" data-element_type=\"section\" data-e-type=\"section\">\n\t\t\t\t\t\t<div class=\"elementor-container elementor-column-gap-default\">\n\t\t\t\t\t<div class=\"elementor-column elementor-col-100 elementor-top-column elementor-element elementor-element-25c846dc\" data-id=\"25c846dc\" data-element_type=\"column\" data-e-type=\"column\">\n\t\t\t<div class=\"elementor-widget-wrap elementor-element-populated\">\n\t\t\t\t\t\t<div class=\"elementor-element elementor-element-520e74d9 elementor-widget elementor-widget-text-editor\" data-id=\"520e74d9\" data-element_type=\"widget\" data-e-type=\"widget\" data-widget_type=\"text-editor.default\">\n\t\t\t\t<div class=\"elementor-widget-container\">\n\t\t\t\t\t\t\t\t\t\n<h2 class=\"wp-block-heading\">Donn\u00e9es personnelles<\/h2>\n\n\n\n<p>Notre site : http:\/\/chateaudepreuil.fr.<\/p>\n\n\n\n<h2 class=\"wp-block-heading\">Informations recueillies<\/h2>\n\n\n\n<p>Les informations recueillies sur ce formulaire sont enregistr\u00e9es dans un fichier informatis\u00e9 par kaleidocentre<strong>&nbsp;uniquement dans la cadre de la mise en relation avec les coachs<\/strong>.&nbsp;<\/p>\n\n\n\n<p>Les donn\u00e9es collect\u00e9es seront communiqu\u00e9es aux seuls destinataires suivants : Les coachs du collectif<\/p>\n\n\n\n<p>Les donn\u00e9es sont conserv\u00e9es pendant 3 mois<strong>&nbsp;comme pr\u00e9vu par le responsable du traitement.<\/strong><\/p>\n\n\n\n<p>Vous pouvez acc\u00e9der aux donn\u00e9es vous concernant, les rectifier, demander leur effacement ou exercer votre droit \u00e0 la limitation du traitement de vos donn\u00e9es.&nbsp;<strong>(en fonction de la base l\u00e9gale du traitement, mentionner \u00e9galement : Vous pouvez retirer \u00e0 tout moment votre consentement au traitement de vos donn\u00e9es ; vous pouvez \u00e9galement vous opposer au traitement de vos donn\u00e9es ; vous pouvez \u00e9galement exercer votre droit \u00e0 la portabilit\u00e9 de vos donn\u00e9es)<\/strong><\/p>\n\n\n\n<p>Consultez le site&nbsp;cnil.fr pour plus d\u2019informations sur vos droits.<\/p>\n\n\n\n<p>Pour exercer ces droits ou pour toute question sur le traitement de vos donn\u00e9es dans ce dispositif, vous pouvez contacter\u00a0<strong>(le cas \u00e9ch\u00e9ant, notre d\u00e9l\u00e9gu\u00e9 \u00e0 la protection des donn\u00e9es ou le service charg\u00e9 de l\u2019exercice de ces droits) : [Ch\u00e2teau de Preuil -><\/strong><a href=\"https:\/\/kaleidocentre.fr\/contactez-kaleidocentre\">preuil@orange.fr<\/a>]\u00a0<\/p>\n\n\n\n<p>Si vous estimez, apr\u00e8s nous avoir contact\u00e9s, que vos droits \u00ab&nbsp;Informatique et Libert\u00e9s&nbsp;\u00bb ne sont pas respect\u00e9s, vous pouvez adresser une r\u00e9clamation \u00e0 la CNIL.<\/p>\n\t\t\t\t\t\t\t\t<\/div>\n\t\t\t\t<\/div>\n\t\t\t\t\t<\/div>\n\t\t<\/div>\n\t\t\t\t\t<\/div>\n\t\t<\/section>\n\t\t\t\t<\/div>\n\t\t","protected":false},"excerpt":{"rendered":"<p>Accueil Donn\u00e9es personnelles Notre site : http:\/\/chateaudepreuil.fr. Informations recueillies Les informations recueillies sur ce formulaire sont enregistr\u00e9es dans un fichier informatis\u00e9 par kaleidocentre&nbsp;uniquement dans la cadre de la mise en relation avec les coachs.&nbsp; Les donn\u00e9es collect\u00e9es seront communiqu\u00e9es aux seuls destinataires suivants : Les coachs du collectif Les donn\u00e9es sont conserv\u00e9es pendant 3 mois&nbsp;comme [&hellip;]<\/p>\n","protected":false},"author":1,"featured_media":0,"parent":0,"menu_order":0,"comment_status":"closed","ping_status":"closed","template":"elementor_header_footer","meta":{"footnotes":""},"class_list":["post-3","page","type-page","status-publish","hentry"],"yoast_head":"<!-- This site is optimized with the Yoast SEO plugin v27.3 - https:\/\/yoast.com\/product\/yoast-seo-wordpress\/ -->\n<title>Donn\u00e9es Personnelles - Le Ch\u00e2teau de Preuil<\/title>\n<meta name=\"robots\" content=\"index, follow, max-snippet:-1, max-image-preview:large, max-video-preview:-1\" \/>\n<link rel=\"canonical\" href=\"https:\/\/chateaudepreuil.fr\/en\/donnees-personnelles\/\" \/>\n<meta property=\"og:locale\" content=\"en_US\" \/>\n<meta property=\"og:type\" content=\"article\" \/>\n<meta property=\"og:title\" content=\"Donn\u00e9es Personnelles - Le Ch\u00e2teau de Preuil\" \/>\n<meta property=\"og:description\" content=\"Accueil Donn\u00e9es personnelles Notre site : http:\/\/chateaudepreuil.fr. Informations recueillies Les informations recueillies sur ce formulaire sont enregistr\u00e9es dans un fichier informatis\u00e9 par kaleidocentre&nbsp;uniquement dans la cadre de la mise en relation avec les coachs.&nbsp; Les donn\u00e9es collect\u00e9es seront communiqu\u00e9es aux seuls destinataires suivants : Les coachs du collectif Les donn\u00e9es sont conserv\u00e9es pendant 3 mois&nbsp;comme [&hellip;]\" \/>\n<meta property=\"og:url\" content=\"https:\/\/chateaudepreuil.fr\/en\/donnees-personnelles\/\" \/>\n<meta property=\"og:site_name\" content=\"Le Ch\u00e2teau de Preuil\" \/>\n<meta property=\"article:modified_time\" content=\"2022-07-21T20:50:14+00:00\" \/>\n<meta name=\"twitter:card\" content=\"summary_large_image\" \/>\n<meta name=\"twitter:label1\" content=\"Est. reading time\" \/>\n\t<meta name=\"twitter:data1\" content=\"2 minutes\" \/>\n<script type=\"application\/ld+json\" class=\"yoast-schema-graph\">{\"@context\":\"https:\\\/\\\/schema.org\",\"@graph\":[{\"@type\":\"WebPage\",\"@id\":\"https:\\\/\\\/chateaudepreuil.fr\\\/donnees-personnelles\\\/\",\"url\":\"https:\\\/\\\/chateaudepreuil.fr\\\/donnees-personnelles\\\/\",\"name\":\"Donn\u00e9es Personnelles - Le Ch\u00e2teau de Preuil\",\"isPartOf\":{\"@id\":\"https:\\\/\\\/chateaudepreuil.fr\\\/#website\"},\"datePublished\":\"2022-05-03T05:55:23+00:00\",\"dateModified\":\"2022-07-21T20:50:14+00:00\",\"breadcrumb\":{\"@id\":\"https:\\\/\\\/chateaudepreuil.fr\\\/donnees-personnelles\\\/#breadcrumb\"},\"inLanguage\":\"en-US\",\"potentialAction\":[{\"@type\":\"ReadAction\",\"target\":[\"https:\\\/\\\/chateaudepreuil.fr\\\/donnees-personnelles\\\/\"]}]},{\"@type\":\"BreadcrumbList\",\"@id\":\"https:\\\/\\\/chateaudepreuil.fr\\\/donnees-personnelles\\\/#breadcrumb\",\"itemListElement\":[{\"@type\":\"ListItem\",\"position\":1,\"name\":\"Accueil\",\"item\":\"https:\\\/\\\/chateaudepreuil.fr\\\/\"},{\"@type\":\"ListItem\",\"position\":2,\"name\":\"Donn\u00e9es Personnelles\"}]},{\"@type\":\"WebSite\",\"@id\":\"https:\\\/\\\/chateaudepreuil.fr\\\/#website\",\"url\":\"https:\\\/\\\/chateaudepreuil.fr\\\/\",\"name\":\"Le Ch\u00e2teau de Preuil\",\"description\":\"La vie de ch\u00e2teau, \u00e7a vous tente ?\",\"potentialAction\":[{\"@type\":\"SearchAction\",\"target\":{\"@type\":\"EntryPoint\",\"urlTemplate\":\"https:\\\/\\\/chateaudepreuil.fr\\\/?s={search_term_string}\"},\"query-input\":{\"@type\":\"PropertyValueSpecification\",\"valueRequired\":true,\"valueName\":\"search_term_string\"}}],\"inLanguage\":\"en-US\"}]}<\/script>\n<!-- \/ Yoast SEO plugin. -->","yoast_head_json":{"title":"Donn\u00e9es Personnelles - Le Ch\u00e2teau de Preuil","robots":{"index":"index","follow":"follow","max-snippet":"max-snippet:-1","max-image-preview":"max-image-preview:large","max-video-preview":"max-video-preview:-1"},"canonical":"https:\/\/chateaudepreuil.fr\/en\/donnees-personnelles\/","og_locale":"en_US","og_type":"article","og_title":"Donn\u00e9es Personnelles - Le Ch\u00e2teau de Preuil","og_description":"Accueil Donn\u00e9es personnelles Notre site : http:\/\/chateaudepreuil.fr. Informations recueillies Les informations recueillies sur ce formulaire sont enregistr\u00e9es dans un fichier informatis\u00e9 par kaleidocentre&nbsp;uniquement dans la cadre de la mise en relation avec les coachs.&nbsp; Les donn\u00e9es collect\u00e9es seront communiqu\u00e9es aux seuls destinataires suivants : Les coachs du collectif Les donn\u00e9es sont conserv\u00e9es pendant 3 mois&nbsp;comme [&hellip;]","og_url":"https:\/\/chateaudepreuil.fr\/en\/donnees-personnelles\/","og_site_name":"Le Ch\u00e2teau de Preuil","article_modified_time":"2022-07-21T20:50:14+00:00","twitter_card":"summary_large_image","twitter_misc":{"Est. reading time":"2 minutes"},"schema":{"@context":"https:\/\/schema.org","@graph":[{"@type":"WebPage","@id":"https:\/\/chateaudepreuil.fr\/donnees-personnelles\/","url":"https:\/\/chateaudepreuil.fr\/donnees-personnelles\/","name":"Donn\u00e9es Personnelles - Le Ch\u00e2teau de Preuil","isPartOf":{"@id":"https:\/\/chateaudepreuil.fr\/#website"},"datePublished":"2022-05-03T05:55:23+00:00","dateModified":"2022-07-21T20:50:14+00:00","breadcrumb":{"@id":"https:\/\/chateaudepreuil.fr\/donnees-personnelles\/#breadcrumb"},"inLanguage":"en-US","potentialAction":[{"@type":"ReadAction","target":["https:\/\/chateaudepreuil.fr\/donnees-personnelles\/"]}]},{"@type":"BreadcrumbList","@id":"https:\/\/chateaudepreuil.fr\/donnees-personnelles\/#breadcrumb","itemListElement":[{"@type":"ListItem","position":1,"name":"Accueil","item":"https:\/\/chateaudepreuil.fr\/"},{"@type":"ListItem","position":2,"name":"Donn\u00e9es Personnelles"}]},{"@type":"WebSite","@id":"https:\/\/chateaudepreuil.fr\/#website","url":"https:\/\/chateaudepreuil.fr\/","name":"Preuil's Castle","description":"La vie de ch\u00e2teau, \u00e7a vous tente ?","potentialAction":[{"@type":"SearchAction","target":{"@type":"EntryPoint","urlTemplate":"https:\/\/chateaudepreuil.fr\/?s={search_term_string}"},"query-input":{"@type":"PropertyValueSpecification","valueRequired":true,"valueName":"search_term_string"}}],"inLanguage":"en-US"}]}},"jetpack_sharing_enabled":true,"_links":{"self":[{"href":"https:\/\/chateaudepreuil.fr\/en\/wp-json\/wp\/v2\/pages\/3","targetHints":{"allow":["GET"]}}],"collection":[{"href":"https:\/\/chateaudepreuil.fr\/en\/wp-json\/wp\/v2\/pages"}],"about":[{"href":"https:\/\/chateaudepreuil.fr\/en\/wp-json\/wp\/v2\/types\/page"}],"author":[{"embeddable":true,"href":"https:\/\/chateaudepreuil.fr\/en\/wp-json\/wp\/v2\/users\/1"}],"replies":[{"embeddable":true,"href":"https:\/\/chateaudepreuil.fr\/en\/wp-json\/wp\/v2\/comments?post=3"}],"version-history":[{"count":5,"href":"https:\/\/chateaudepreuil.fr\/en\/wp-json\/wp\/v2\/pages\/3\/revisions"}],"predecessor-version":[{"id":1002,"href":"https:\/\/chateaudepreuil.fr\/en\/wp-json\/wp\/v2\/pages\/3\/revisions\/1002"}],"wp:attachment":[{"href":"https:\/\/chateaudepreuil.fr\/en\/wp-json\/wp\/v2\/media?parent=3"}],"curies":[{"name":"wp","href":"https:\/\/api.w.org\/{rel}","templated":true}]}}